{"id":8082,"date":"2022-05-03T10:17:19","date_gmt":"2022-05-03T08:17:19","guid":{"rendered":"https:\/\/turbomotori.com\/?post_type=product&#038;p=8082"},"modified":"2024-11-18T17:45:32","modified_gmt":"2024-11-18T16:45:32","slug":"motore-revisionato-ford-ranger-2-2-d-qj2r","status":"publish","type":"product","link":"https:\/\/turbomotori.com\/de\/produkt\/uberholter-motor-ford-ranger-2-2-d-qj2r-2\/","title":{"rendered":"QJ2R General\u00fcberholter Motor f\u00fcr Ford Ranger 2.2 d"},"content":{"rendered":"<p><strong>\u00dcberholter Ford Ranger Motor Code QJ2R<\/strong><\/p>\n<p>Bestehend aus Becher, Block, Kopf und Verteilung<\/p>\n<p>Jahr: 2012-2015<\/p>\n<p>Verdr\u00e4ngung: 2,2 d<\/p>\n<p>Motorcode: QJ2R \/ QJ2S \/ QW2R<\/p>\n<p>Passend f\u00fcr: Ford Ranger 2.2 D<\/p>\n<p>- GARANTIE<\/p>\n<p>- Sofortige Verf\u00fcgbarkeit<\/p>\n<p>- Lieferung in ganz Italien innerhalb von 24\/48 Stunden<\/p>\n<p>- Kurier benutzt GLS<\/p>\n<p>-Geben Sie f\u00fcr ein Angebot die folgenden Fahrzeugdaten an:<\/p>\n<ul>\n<li><strong>Jahr\u00a0<\/strong><\/li>\n<li><strong>Modell<\/strong><\/li>\n<li><strong>Motorcode (<\/strong><span style=\"color: #3366ff;\">Punkt p5 des\u00a0<\/span><span style=\"color: #3366ff;\">Brosch\u00fcre<\/span><b>)<\/b><\/li>\n<li><strong>Strom\u00a0<\/strong><\/li>\n<\/ul>\n<p>Die Daten finden Sie in der Betriebsanleitung Ihres Fahrzeugs<\/p>\n<p>F\u00fcr weitere Informationen stehen wir Ihnen gerne unter folgenden Nummern zur Verf\u00fcgung<\/p>\n<ul>\n<li><span style=\"color: #3366ff;\">Tel.: 0309050658<\/span><\/li>\n<li><span style=\"color: #3366ff;\">WhatsApp: 3925701009<\/span><\/li>\n<\/ul>\n<p>Ge\u00f6ffnet von Montag bis Freitag von 8 bis 12 Uhr und von 14 bis 18 Uhr.<\/p>","protected":false},"excerpt":{"rendered":"<p><strong>\u00dcberholter Ford Ranger Motor Code QJ2R<\/strong><\/p>\n<p>Bestehend aus Becher, Block, Kopf und Verteilung<\/p>\n<p>Jahr: 2012-2015<\/p>\n<p>Verdr\u00e4ngung: 2,2 d<\/p>\n<p>Motorcode: QJ2R \/ QJ2S \/ QW2R<\/p>\n<p>Passend f\u00fcr: Ford Ranger 2.2 D<\/p>\n<p><a title=\"KONTAKTE\" href=\"https:\/\/turbomotori.com\/de\/kontakte\/\">Rufen Sie an f\u00fcr ein kostenloses Angebot <\/a><em>Tel.<\/em> <a href=\"tel:0309050658\">030.9050658<\/a>\u00a0 <em>Cel<\/em>\u00a0<a href=\"tel:3382854452\">338.2854452<\/a>\u00a0\u00a0<em>WhatsApp<\/em><a href=\"https:\/\/api.whatsapp.com\/send?phone=393925701009 &amp;text=Salve,%20vorrei%20qualche%20informazione%20in%20merito%20ai%20vostri%20prodotti.\">\u00a0 392.5701009<\/a><\/p>","protected":false},"featured_media":8040,"comment_status":"closed","ping_status":"closed","template":"","meta":{"_acf_changed":false},"product_brand":[],"product_cat":[23,31],"product_tag":[2178,39,2179],"class_list":{"0":"post-8082","1":"product","2":"type-product","3":"status-publish","4":"has-post-thumbnail","6":"product_cat-motori","7":"product_cat-motore-rigenerato","8":"product_tag-codice-qj2r","9":"product_tag-ford","10":"product_tag-motore-revisionato-qj2r","12":"first","13":"instock","14":"shipping-taxable","15":"product-type-simple"},"acf":{"codice_oem":"","compatibile_con":"","monta_su":" Ford Ranger","codice_motore":"QJ2R ","anno":"2012-2015","cilindrata":"2.2 ","carburante":"Diesel","cv":"","kw":"","garanzia_12_mesi":false,"composizione":"La revisione Completa include: Testata ricondizionata,  Monoblocco, Sottocoppa, Sostituzione integrale dei componenti soggetti a usura: Bronzine di banco Bronzine di biella, Bielle, Albero motore, Pistoni, Punterie e Bilancieri, distribuzione (da mettere in fase con vs pompa iniezione ) pompa olio e valvole. Comprese tutte le lavorazioni necessarie di rettifica | NOTA IMPORTANTE: \u00c8 richiesta la restituzione del motore usato nelle condizioni che possa essere recuperabile come condizione essenziale per la fornitura.","disponibilita":"-"},"aioseo_notices":[],"_links":{"self":[{"href":"https:\/\/turbomotori.com\/de\/wp-json\/wp\/v2\/product\/8082","targetHints":{"allow":["GET"]}}],"collection":[{"href":"https:\/\/turbomotori.com\/de\/wp-json\/wp\/v2\/product"}],"about":[{"href":"https:\/\/turbomotori.com\/de\/wp-json\/wp\/v2\/types\/product"}],"replies":[{"embeddable":true,"href":"https:\/\/turbomotori.com\/de\/wp-json\/wp\/v2\/comments?post=8082"}],"wp:featuredmedia":[{"embeddable":true,"href":"https:\/\/turbomotori.com\/de\/wp-json\/wp\/v2\/media\/8040"}],"wp:attachment":[{"href":"https:\/\/turbomotori.com\/de\/wp-json\/wp\/v2\/media?parent=8082"}],"wp:term":[{"taxonomy":"product_brand","embeddable":true,"href":"https:\/\/turbomotori.com\/de\/wp-json\/wp\/v2\/product_brand?post=8082"},{"taxonomy":"product_cat","embeddable":true,"href":"https:\/\/turbomotori.com\/de\/wp-json\/wp\/v2\/product_cat?post=8082"},{"taxonomy":"product_tag","embeddable":true,"href":"https:\/\/turbomotori.com\/de\/wp-json\/wp\/v2\/product_tag?post=8082"}],"curies":[{"name":"wp","href":"https:\/\/api.w.org\/{rel}","templated":true}]}}