{"id":913,"date":"2017-10-31T09:20:55","date_gmt":"2017-10-31T09:20:55","guid":{"rendered":"https:\/\/turbomotori.com\/?post_type=product&#038;p=913"},"modified":"2025-01-03T14:29:15","modified_gmt":"2025-01-03T13:29:15","slug":"turbo-54359700005-rigenerato-fiat-opel-1-3","status":"publish","type":"product","link":"https:\/\/turbomotori.com\/de\/produkt\/turbo-54359700005-regeneriert-fiat-opel-1-3\/","title":{"rendered":"Turbo 54359700005 \u00fcberholte Fiat, Opel 1.3"},"content":{"rendered":"<p><strong>Turbo 54359700005, 5435-970-0005, 54359880005, 54359710005 \u00fcberholte KKK f\u00fcr Fiat \u2705 S-III<\/strong><\/p>\n<p>OEM: 93191993, 71794552, 71784113, 5860030, 73501343, 71784115 , 71724166<\/p>\n<p>Passt auf: FIAT: Punto - Idea JTD 2009-10 \/ Panda 2009-10 \/LANCIA: Musa 2009-10 \/ Ypsilon 2009-10 \/Opel Corsa 1.3 cdti<\/p>\n<p>Motorcode: 16V\/ Z13DTJ<\/p>\n<p>Turbine neu und wiederaufbereitet erh\u00e4ltlich<\/p>\n<p><span style=\"color: #000000;\">-Preis wiederaufbereiteter Turbolader <span>225,75<\/span> \u20ac einschlie\u00dflich Mehrwertsteuer\u00a0<\/span><\/p>\n<p>&#8211;<a href=\"https:\/\/turbomotori.com\/de\/weitere-informationen\/\"> Klicken Sie f\u00fcr weitere Informationen\u00a0<\/a><\/p>\n<p>&#8211; <a href=\"https:\/\/turbomotori.com\/de\/turbo-code-verbleibend\/\">Hinweise zur Identifizierung des Turbo-Codes<\/a><\/p>\n<p>&nbsp;<\/p>","protected":false},"excerpt":{"rendered":"<p>Turbo 54359700005\/ 5435-970-0005\/ 54359880005\/ 54359710005\u00a0rigenerato KKK per Fiat \u2705 S-III<\/p>\n<p>OEM:\u00a093191993\/ 71794552\/ 71784113\/ 5860030\/ 73501343\/ 71784115 \/71724166<\/p>\n<p>Passt auf: FIAT: Punto - Idea JTD 2009-10 \/ Panda 2009-10 \/LANCIA: Musa 2009-10 \/ Ypsilon 2009-10 \/Opel Corsa 1.3 cdti<\/p>\n<p>Motorcode: 16V\/ Z13DTJ<\/p>\n<p>Turbine neu und wiederaufbereitet erh\u00e4ltlich<\/p>\n<p><span style=\"color: #000000;\">-Preis wiederaufbereiteter Turbolader <span>225,75<\/span> \u20ac einschlie\u00dflich Mehrwertsteuer\u00a0<\/span><\/p>\n<p><a title=\"KONTAKTE\" href=\"https:\/\/turbomotori.com\/de\/kontakte\/\">Rufen Sie an f\u00fcr ein kostenloses Angebot <\/a><em>Tel.<\/em> <a href=\"tel:0309050658\">030.9050658<\/a>\u00a0 <em>Cel<\/em>\u00a0<a href=\"tel:3382854452\">338.2854452<\/a>\u00a0\u00a0<em>WhatsApp<\/em><a href=\"https:\/\/api.whatsapp.com\/send?phone=393925701009 &amp;text=Salve,%20vorrei%20qualche%20informazione%20in%20merito%20ai%20vostri%20prodotti.\">\u00a0 392.5701009<\/a><\/p>","protected":false},"featured_media":4231,"comment_status":"closed","ping_status":"closed","template":"","meta":{"_acf_changed":false},"product_brand":[],"product_cat":[26],"product_tag":[457,38,56,41,45,72,1337],"class_list":{"0":"post-913","1":"product","2":"type-product","3":"status-publish","4":"has-post-thumbnail","6":"product_cat-turbo-turbina-rigenerata","7":"product_tag-457","8":"product_tag-fiat","9":"product_tag-kkk","10":"product_tag-lancia","11":"product_tag-opel","12":"product_tag-peugeot","13":"product_tag-turbo-in-pronta-consegna","15":"first","16":"instock","17":"shipping-taxable","18":"purchasable","19":"product-type-simple"},"acf":{"codice_oem":"93191993, 71794552, 71784113, 5860030, 73501343, 71784115 , 71724166","compatibile_con":"","monta_su":"FIAT: Punto - Idea JTD 2009-10 \/ Panda 2009-10 \/LANCIA: Musa 2009-10 \/ Ypsilon 2009-10 \/Opel Corsa","codice_motore":"Z13DTJ","anno":"","cilindrata":"1.3 CDTI","carburante":"","cv":"","kw":"","garanzia_12_mesi":false,"composizione":"","disponibilita":"-"},"aioseo_notices":[],"_links":{"self":[{"href":"https:\/\/turbomotori.com\/de\/wp-json\/wp\/v2\/product\/913","targetHints":{"allow":["GET"]}}],"collection":[{"href":"https:\/\/turbomotori.com\/de\/wp-json\/wp\/v2\/product"}],"about":[{"href":"https:\/\/turbomotori.com\/de\/wp-json\/wp\/v2\/types\/product"}],"replies":[{"embeddable":true,"href":"https:\/\/turbomotori.com\/de\/wp-json\/wp\/v2\/comments?post=913"}],"wp:featuredmedia":[{"embeddable":true,"href":"https:\/\/turbomotori.com\/de\/wp-json\/wp\/v2\/media\/4231"}],"wp:attachment":[{"href":"https:\/\/turbomotori.com\/de\/wp-json\/wp\/v2\/media?parent=913"}],"wp:term":[{"taxonomy":"product_brand","embeddable":true,"href":"https:\/\/turbomotori.com\/de\/wp-json\/wp\/v2\/product_brand?post=913"},{"taxonomy":"product_cat","embeddable":true,"href":"https:\/\/turbomotori.com\/de\/wp-json\/wp\/v2\/product_cat?post=913"},{"taxonomy":"product_tag","embeddable":true,"href":"https:\/\/turbomotori.com\/de\/wp-json\/wp\/v2\/product_tag?post=913"}],"curies":[{"name":"wp","href":"https:\/\/api.w.org\/{rel}","templated":true}]}}